{"id":12,"date":"2017-07-26T09:50:36","date_gmt":"2017-07-26T07:50:36","guid":{"rendered":"http:\/\/www.bio-bataten.de\/?page_id=12"},"modified":"2023-06-15T16:16:00","modified_gmt":"2023-06-15T14:16:00","slug":"startseite","status":"publish","type":"page","link":"https:\/\/www.bio-bataten.de\/","title":{"rendered":"Bio-Bataten"},"content":{"rendered":"<p>Die S\u00fc\u00dfkartoffel ist Grundnahrungsmittel in vielen L\u00e4ndern.<\/p>\n<p>In \u00fcber 100 L\u00e4ndern wird sie angebaut, von Asien \u00fcber Afrika bis Amerika.<\/p>\n<p>So unterschiedlich die L\u00e4nder sind, so unterschiedlich ist auch die Anbaumethodik.<\/p>\n<p>Hier soll die Homepage Raum geben f\u00fcr den regionalen Anbau von S\u00fc\u00dfkartoffeln <em>Ipomea batatas<\/em><\/p>\n\n\n<figure class=\"wp-block-image size-full\"><img loading=\"lazy\" decoding=\"async\" width=\"1920\" height=\"1280\" src=\"http:\/\/www.bio-bataten.de\/wp-content\/uploads\/2017\/07\/Marienk\u00e4fer-S\u00fc\u00dfkartoffel-Anzucht.jpg\" alt=\"\" class=\"wp-image-18\"\/><\/figure>\n","protected":false},"excerpt":{"rendered":"<p>Die S\u00fc\u00dfkartoffel ist Grundnahrungsmittel in vielen L\u00e4ndern. In \u00fcber 100 L\u00e4ndern wird sie angebaut, von Asien \u00fcber Afrika bis Amerika. So unterschiedlich die L\u00e4nder sind, so unterschiedlich ist auch die Anbaumethodik. Hier soll die Homepage Raum geben f\u00fcr den regionalen Anbau von S\u00fc\u00dfkartoffeln Ipomea batatas<\/p>\n","protected":false},"author":1,"featured_media":0,"parent":0,"menu_order":0,"comment_status":"closed","ping_status":"closed","template":"template-homepage.php","meta":{"footnotes":""},"class_list":["post-12","page","type-page","status-publish","hentry"],"_links":{"self":[{"href":"https:\/\/www.bio-bataten.de\/index.php\/wp-json\/wp\/v2\/pages\/12","targetHints":{"allow":["GET"]}}],"collection":[{"href":"https:\/\/www.bio-bataten.de\/index.php\/wp-json\/wp\/v2\/pages"}],"about":[{"href":"https:\/\/www.bio-bataten.de\/index.php\/wp-json\/wp\/v2\/types\/page"}],"author":[{"embeddable":true,"href":"https:\/\/www.bio-bataten.de\/index.php\/wp-json\/wp\/v2\/users\/1"}],"replies":[{"embeddable":true,"href":"https:\/\/www.bio-bataten.de\/index.php\/wp-json\/wp\/v2\/comments?post=12"}],"version-history":[{"count":5,"href":"https:\/\/www.bio-bataten.de\/index.php\/wp-json\/wp\/v2\/pages\/12\/revisions"}],"predecessor-version":[{"id":97,"href":"https:\/\/www.bio-bataten.de\/index.php\/wp-json\/wp\/v2\/pages\/12\/revisions\/97"}],"wp:attachment":[{"href":"https:\/\/www.bio-bataten.de\/index.php\/wp-json\/wp\/v2\/media?parent=12"}],"curies":[{"name":"wp","href":"https:\/\/api.w.org\/{rel}","templated":true}]}}